{"id":85,"date":"2025-03-25T21:49:20","date_gmt":"2025-03-25T20:49:20","guid":{"rendered":"https:\/\/mihovhw.cluster021.hosting.ovh.net\/?page_id=85"},"modified":"2025-03-25T21:49:20","modified_gmt":"2025-03-25T20:49:20","slug":"adhesion","status":"publish","type":"page","link":"https:\/\/mih.ovh\/index.php\/adhesion\/","title":{"rendered":"Adh\u00e9sion"},"content":{"rendered":"\n<p>Rejoindre notre association pour la prise en charge de la maladie MIH, c&rsquo;est bien plus qu&rsquo;un simple engagement : c&rsquo;est une v\u00e9ritable chance de faire la diff\u00e9rence dans la vie de nombreux enfants touch\u00e9s par cette condition.<br>En soutenant notre cause, vous contribuez \u00e0 donner une voix \u00e0 ceux qui souffrent et \u00e0 sensibiliser le public \u00e0 la MIH.<\/p>\n\n\n\n<p>Votre soutien nous permettra de d\u00e9velopper des projets significatifs, d&rsquo;organiser des campagnes de sensibilisation et de promouvoir la prise en charge des soins de cette maladie encore trop m\u00e9connue. Ensemble, nous pouvons travailler \u00e0 obtenir la reconnaissance n\u00e9cessaire et \u00e0 am\u00e9liorer l&rsquo;acc\u00e8s aux soins pour les patients.<\/p>\n\n\n\n<p>Plus nous serons unis, plus nous pourrons d\u00e9fendre les droits des patients et faire entendre leurs besoins.<br>C&rsquo;est l&rsquo;occasion de faire bouger les choses et de montrer que la solidarit\u00e9, \u00e7a d\u00e9chire ! \ud83d\ude80<\/p>\n\n\n\n<p><strong>Alors, pr\u00eat(e) \u00e0 faire partie de cette \u00e9quipe dynamique et engag\u00e9e ? Ensemble, on peut changer les choses\u00a0! Merci de votre soutien.<\/strong><\/p>\n\n\n\n<p><\/p>\n","protected":false},"excerpt":{"rendered":"<p>Rejoindre notre association pour la prise en charge de la maladie MIH, c&rsquo;est bien plus qu&rsquo;un simple engagement : c&rsquo;est [&hellip;]<\/p>\n","protected":false},"author":1,"featured_media":0,"parent":0,"menu_order":0,"comment_status":"closed","ping_status":"closed","template":"","meta":{"site-sidebar-layout":"default","site-content-layout":"","ast-site-content-layout":"default","site-content-style":"default","site-sidebar-style":"default","ast-global-header-display":"","ast-banner-title-visibility":"","ast-main-header-display":"","ast-hfb-above-header-display":"","ast-hfb-below-header-display":"","ast-hfb-mobile-header-display":"","site-post-title":"","ast-breadcrumbs-content":"","ast-featured-img":"","footer-sml-layout":"","ast-disable-related-posts":"","theme-transparent-header-meta":"","adv-header-id-meta":"","stick-header-meta":"","header-above-stick-meta":"","header-main-stick-meta":"","header-below-stick-meta":"","astra-migrate-meta-layouts":"default","ast-page-background-enabled":"default","ast-page-background-meta":{"desktop":{"background-color":"var(--ast-global-color-5)","background-image":"","background-repeat":"repeat","background-position":"center center","background-size":"auto","background-attachment":"scroll","background-type":"","background-media":"","overlay-type":"","overlay-color":"","overlay-opacity":"","overlay-gradient":""},"tablet":{"background-color":"","background-image":"","background-repeat":"repeat","background-position":"center center","background-size":"auto","background-attachment":"scroll","background-type":"","background-media":"","overlay-type":"","overlay-color":"","overlay-opacity":"","overlay-gradient":""},"mobile":{"background-color":"","background-image":"","background-repeat":"repeat","background-position":"center center","background-size":"auto","background-attachment":"scroll","background-type":"","background-media":"","overlay-type":"","overlay-color":"","overlay-opacity":"","overlay-gradient":""}},"ast-content-background-meta":{"desktop":{"background-color":"var(--ast-global-color-4)","background-image":"","background-repeat":"repeat","background-position":"center center","background-size":"auto","background-attachment":"scroll","background-type":"","background-media":"","overlay-type":"","overlay-color":"","overlay-opacity":"","overlay-gradient":""},"tablet":{"background-color":"var(--ast-global-color-4)","background-image":"","background-repeat":"repeat","background-position":"center center","background-size":"auto","background-attachment":"scroll","background-type":"","background-media":"","overlay-type":"","overlay-color":"","overlay-opacity":"","overlay-gradient":""},"mobile":{"background-color":"var(--ast-global-color-4)","background-image":"","background-repeat":"repeat","background-position":"center center","background-size":"auto","background-attachment":"scroll","background-type":"","background-media":"","overlay-type":"","overlay-color":"","overlay-opacity":"","overlay-gradient":""}},"footnotes":""},"class_list":["post-85","page","type-page","status-publish","hentry"],"_links":{"self":[{"href":"https:\/\/mih.ovh\/index.php\/wp-json\/wp\/v2\/pages\/85","targetHints":{"allow":["GET"]}}],"collection":[{"href":"https:\/\/mih.ovh\/index.php\/wp-json\/wp\/v2\/pages"}],"about":[{"href":"https:\/\/mih.ovh\/index.php\/wp-json\/wp\/v2\/types\/page"}],"author":[{"embeddable":true,"href":"https:\/\/mih.ovh\/index.php\/wp-json\/wp\/v2\/users\/1"}],"replies":[{"embeddable":true,"href":"https:\/\/mih.ovh\/index.php\/wp-json\/wp\/v2\/comments?post=85"}],"version-history":[{"count":1,"href":"https:\/\/mih.ovh\/index.php\/wp-json\/wp\/v2\/pages\/85\/revisions"}],"predecessor-version":[{"id":86,"href":"https:\/\/mih.ovh\/index.php\/wp-json\/wp\/v2\/pages\/85\/revisions\/86"}],"wp:attachment":[{"href":"https:\/\/mih.ovh\/index.php\/wp-json\/wp\/v2\/media?parent=85"}],"curies":[{"name":"wp","href":"https:\/\/api.w.org\/{rel}","templated":true}]}}