{"id":66,"date":"2025-03-25T21:12:54","date_gmt":"2025-03-25T20:12:54","guid":{"rendered":"https:\/\/mihovhw.cluster021.hosting.ovh.net\/?page_id=66"},"modified":"2025-03-25T21:12:54","modified_gmt":"2025-03-25T20:12:54","slug":"presentation","status":"publish","type":"page","link":"https:\/\/mih.ovh\/index.php\/presentation\/","title":{"rendered":"Pr\u00e9sentation"},"content":{"rendered":"\n<p>L\u2019association Soigner la MIH a vu le jour en 2023, gr\u00e2ce \u00e0 des parents dont les enfants sont touch\u00e9s par la MIH, cette hypomin\u00e9ralisation des molaires et des incisives.<br><br>Saviez-vous que cette maladie touche de plus en plus d\u2019enfants dans le monde ?<br><br>En France, pr\u00e8s de 15 % des enfants sont concern\u00e9s ! \ud83d\ude2e<\/p>\n\n\n\n<p>Nous sommes l\u00e0 pour faire bouger les choses ! \ud83d\ude80<br><br>Notre objectif ? Faire conna\u00eetre cette maladie aupr\u00e8s des familles, des professionnels de sant\u00e9 et des institutions fran\u00e7aises. Nous voulons garantir un meilleur diagnostic, des soins pr\u00e9coces de qualit\u00e9, et surtout, une prise en charge par l\u2019assurance maladie qui permettra aux familles d\u2019acc\u00e9der aux soins dont elles ont besoin sans stress et sans se ruiner.<br><br>Rejoignez-nous dans cette belle aventure pour aider nos enfants \u00e0 sourire en toute confiance !<\/p>\n\n\n\n<p><strong>Ensemble, on peut faire la diff\u00e9rence ! \ud83d\ude0a\u2728<\/strong><\/p>\n\n\n\n<p><\/p>\n","protected":false},"excerpt":{"rendered":"<p>L\u2019association Soigner la MIH a vu le jour en 2023, gr\u00e2ce \u00e0 des parents dont les enfants sont touch\u00e9s par [&hellip;]<\/p>\n","protected":false},"author":1,"featured_media":0,"parent":0,"menu_order":0,"comment_status":"closed","ping_status":"closed","template":"","meta":{"site-sidebar-layout":"default","site-content-layout":"","ast-site-content-layout":"default","site-content-style":"default","site-sidebar-style":"default","ast-global-header-display":"","ast-banner-title-visibility":"","ast-main-header-display":"","ast-hfb-above-header-display":"","ast-hfb-below-header-display":"","ast-hfb-mobile-header-display":"","site-post-title":"","ast-breadcrumbs-content":"","ast-featured-img":"","footer-sml-layout":"","ast-disable-related-posts":"","theme-transparent-header-meta":"","adv-header-id-meta":"","stick-header-meta":"","header-above-stick-meta":"","header-main-stick-meta":"","header-below-stick-meta":"","astra-migrate-meta-layouts":"default","ast-page-background-enabled":"default","ast-page-background-meta":{"desktop":{"background-color":"var(--ast-global-color-5)","background-image":"","background-repeat":"repeat","background-position":"center center","background-size":"auto","background-attachment":"scroll","background-type":"","background-media":"","overlay-type":"","overlay-color":"","overlay-opacity":"","overlay-gradient":""},"tablet":{"background-color":"","background-image":"","background-repeat":"repeat","background-position":"center center","background-size":"auto","background-attachment":"scroll","background-type":"","background-media":"","overlay-type":"","overlay-color":"","overlay-opacity":"","overlay-gradient":""},"mobile":{"background-color":"","background-image":"","background-repeat":"repeat","background-position":"center center","background-size":"auto","background-attachment":"scroll","background-type":"","background-media":"","overlay-type":"","overlay-color":"","overlay-opacity":"","overlay-gradient":""}},"ast-content-background-meta":{"desktop":{"background-color":"var(--ast-global-color-4)","background-image":"","background-repeat":"repeat","background-position":"center center","background-size":"auto","background-attachment":"scroll","background-type":"","background-media":"","overlay-type":"","overlay-color":"","overlay-opacity":"","overlay-gradient":""},"tablet":{"background-color":"var(--ast-global-color-4)","background-image":"","background-repeat":"repeat","background-position":"center center","background-size":"auto","background-attachment":"scroll","background-type":"","background-media":"","overlay-type":"","overlay-color":"","overlay-opacity":"","overlay-gradient":""},"mobile":{"background-color":"var(--ast-global-color-4)","background-image":"","background-repeat":"repeat","background-position":"center center","background-size":"auto","background-attachment":"scroll","background-type":"","background-media":"","overlay-type":"","overlay-color":"","overlay-opacity":"","overlay-gradient":""}},"footnotes":""},"class_list":["post-66","page","type-page","status-publish","hentry"],"_links":{"self":[{"href":"https:\/\/mih.ovh\/index.php\/wp-json\/wp\/v2\/pages\/66","targetHints":{"allow":["GET"]}}],"collection":[{"href":"https:\/\/mih.ovh\/index.php\/wp-json\/wp\/v2\/pages"}],"about":[{"href":"https:\/\/mih.ovh\/index.php\/wp-json\/wp\/v2\/types\/page"}],"author":[{"embeddable":true,"href":"https:\/\/mih.ovh\/index.php\/wp-json\/wp\/v2\/users\/1"}],"replies":[{"embeddable":true,"href":"https:\/\/mih.ovh\/index.php\/wp-json\/wp\/v2\/comments?post=66"}],"version-history":[{"count":2,"href":"https:\/\/mih.ovh\/index.php\/wp-json\/wp\/v2\/pages\/66\/revisions"}],"predecessor-version":[{"id":68,"href":"https:\/\/mih.ovh\/index.php\/wp-json\/wp\/v2\/pages\/66\/revisions\/68"}],"wp:attachment":[{"href":"https:\/\/mih.ovh\/index.php\/wp-json\/wp\/v2\/media?parent=66"}],"curies":[{"name":"wp","href":"https:\/\/api.w.org\/{rel}","templated":true}]}}