{"id":39,"date":"2025-01-13T22:07:42","date_gmt":"2025-01-13T21:07:42","guid":{"rendered":"https:\/\/mihovhw.cluster021.hosting.ovh.net\/?page_id=39"},"modified":"2025-03-25T21:47:40","modified_gmt":"2025-03-25T20:47:40","slug":"la-mih","status":"publish","type":"page","link":"https:\/\/mih.ovh\/index.php\/la-mih\/","title":{"rendered":"La MIH"},"content":{"rendered":"\n<p>La maladie MIH, est une condition dentaire qui affecte l&rsquo;\u00e9mail des dents, en particulier les molaires et les incisives. Elle se caract\u00e9rise par un d\u00e9faut de min\u00e9ralisation ou min\u00e9ralisation insuffisante de l&rsquo;\u00e9mail, ce qui peut entra\u00eener des taches blanches, brunes ou jaunes sur les dents, ainsi qu&rsquo;une sensibilit\u00e9 accrue.<\/p>\n\n\n\n<p>Cette maladie peut survenir chez les enfants et est souvent li\u00e9e \u00e0 des facteurs environnementaux ou g\u00e9n\u00e9tiques, comme des infections pendant la grossesse, un souci \u00e0 la naissance, infections aux premiers mois de vie de l\u2019enfant ou des expositions \u00e0 des substances toxiques ou antibiotiques.&nbsp;<br>Les dents touch\u00e9es peuvent \u00eatre plus susceptibles aux caries et \u00e0 l&rsquo;usure.<\/p>\n\n\n\n<p>Le traitement de la MIH peut inclure des soins dentaires pr\u00e9ventifs, des restaurations pour prot\u00e9ger les dents affect\u00e9es, et parfois des traitements esth\u00e9tiques pour am\u00e9liorer l&rsquo;apparence des dents.&nbsp;<\/p>\n\n\n\n<p>N&rsquo;h\u00e9sitez pas \u00e0 nous faire part de votre exp\u00e9rience sur\u00a0<strong><a href=\"https:\/\/www.facebook.com\/p\/Soigner-la-MIH-61554292132629\/\">Facebook<\/a><\/strong> et <strong><a href=\"https:\/\/www.instagram.com\/soignerlamih_asso\/\">Instagram<\/a><\/strong>\u00a0ou dans la rubrique\u00a0<strong><a href=\"https:\/\/mihovhw.cluster021.hosting.ovh.net\/index.php\/contact\/\" data-type=\"page\" data-id=\"81\">contact<\/a><\/strong>.<\/p>\n\n\n\n<p>Aussi, l\u2019association est l\u00e0 pour vous aider, n\u2019h\u00e9sitez pas \u00e0 nous poser vos questions.<\/p>\n\n\n\n<p>Parce que nous aussi nous avons besoin de vous pour mener nos actions, pensez \u00e0 adh\u00e9rer.&nbsp;<strong>\u00ab&nbsp;lien&nbsp;\u00bb<\/strong><\/p>\n\n\n\n<p><\/p>\n","protected":false},"excerpt":{"rendered":"<p>La maladie MIH, est une condition dentaire qui affecte l&rsquo;\u00e9mail des dents, en particulier les molaires et les incisives. Elle [&hellip;]<\/p>\n","protected":false},"author":1,"featured_media":0,"parent":0,"menu_order":0,"comment_status":"closed","ping_status":"closed","template":"","meta":{"site-sidebar-layout":"default","site-content-layout":"","ast-site-content-layout":"default","site-content-style":"default","site-sidebar-style":"default","ast-global-header-display":"","ast-banner-title-visibility":"","ast-main-header-display":"","ast-hfb-above-header-display":"","ast-hfb-below-header-display":"","ast-hfb-mobile-header-display":"","site-post-title":"","ast-breadcrumbs-content":"","ast-featured-img":"","footer-sml-layout":"","ast-disable-related-posts":"","theme-transparent-header-meta":"","adv-header-id-meta":"","stick-header-meta":"","header-above-stick-meta":"","header-main-stick-meta":"","header-below-stick-meta":"","astra-migrate-meta-layouts":"default","ast-page-background-enabled":"default","ast-page-background-meta":{"desktop":{"background-color":"var(--ast-global-color-5)","background-image":"","background-repeat":"repeat","background-position":"center center","background-size":"auto","background-attachment":"scroll","background-type":"","background-media":"","overlay-type":"","overlay-color":"","overlay-opacity":"","overlay-gradient":""},"tablet":{"background-color":"","background-image":"","background-repeat":"repeat","background-position":"center center","background-size":"auto","background-attachment":"scroll","background-type":"","background-media":"","overlay-type":"","overlay-color":"","overlay-opacity":"","overlay-gradient":""},"mobile":{"background-color":"","background-image":"","background-repeat":"repeat","background-position":"center center","background-size":"auto","background-attachment":"scroll","background-type":"","background-media":"","overlay-type":"","overlay-color":"","overlay-opacity":"","overlay-gradient":""}},"ast-content-background-meta":{"desktop":{"background-color":"var(--ast-global-color-4)","background-image":"","background-repeat":"repeat","background-position":"center center","background-size":"auto","background-attachment":"scroll","background-type":"","background-media":"","overlay-type":"","overlay-color":"","overlay-opacity":"","overlay-gradient":""},"tablet":{"background-color":"var(--ast-global-color-4)","background-image":"","background-repeat":"repeat","background-position":"center center","background-size":"auto","background-attachment":"scroll","background-type":"","background-media":"","overlay-type":"","overlay-color":"","overlay-opacity":"","overlay-gradient":""},"mobile":{"background-color":"var(--ast-global-color-4)","background-image":"","background-repeat":"repeat","background-position":"center center","background-size":"auto","background-attachment":"scroll","background-type":"","background-media":"","overlay-type":"","overlay-color":"","overlay-opacity":"","overlay-gradient":""}},"footnotes":""},"class_list":["post-39","page","type-page","status-publish","hentry"],"_links":{"self":[{"href":"https:\/\/mih.ovh\/index.php\/wp-json\/wp\/v2\/pages\/39","targetHints":{"allow":["GET"]}}],"collection":[{"href":"https:\/\/mih.ovh\/index.php\/wp-json\/wp\/v2\/pages"}],"about":[{"href":"https:\/\/mih.ovh\/index.php\/wp-json\/wp\/v2\/types\/page"}],"author":[{"embeddable":true,"href":"https:\/\/mih.ovh\/index.php\/wp-json\/wp\/v2\/users\/1"}],"replies":[{"embeddable":true,"href":"https:\/\/mih.ovh\/index.php\/wp-json\/wp\/v2\/comments?post=39"}],"version-history":[{"count":5,"href":"https:\/\/mih.ovh\/index.php\/wp-json\/wp\/v2\/pages\/39\/revisions"}],"predecessor-version":[{"id":84,"href":"https:\/\/mih.ovh\/index.php\/wp-json\/wp\/v2\/pages\/39\/revisions\/84"}],"wp:attachment":[{"href":"https:\/\/mih.ovh\/index.php\/wp-json\/wp\/v2\/media?parent=39"}],"curies":[{"name":"wp","href":"https:\/\/api.w.org\/{rel}","templated":true}]}}